{"id":256,"date":"2017-05-25T15:50:25","date_gmt":"2017-05-25T18:50:25","guid":{"rendered":"http:\/\/renovamaringa.com.br\/portal\/?page_id=256"},"modified":"2025-08-05T11:33:36","modified_gmt":"2025-08-05T14:33:36","slug":"renova-musculacao-terapeutica","status":"publish","type":"page","link":"https:\/\/renovamaringa.com.br\/portal\/","title":{"rendered":""},"content":{"rendered":"\t\t<div data-elementor-type=\"wp-post\" data-elementor-id=\"256\" class=\"elementor elementor-256\" data-elementor-settings=\"[]\">\n\t\t\t<div class=\"elementor-inner\">\n\t\t\t\t<div class=\"elementor-section-wrap\">\n\t\t\t\t\t\t\t<section class=\"elementor-element elementor-element-f4196d3 elementor-section-boxed elementor-section-height-default elementor-section-height-default elementor-section elementor-top-section\" data-id=\"f4196d3\" data-element_type=\"section\">\n\t\t\t\t\t\t<div class=\"elementor-container elementor-column-gap-default\">\n\t\t\t\t<div class=\"elementor-row\">\n\t\t\t\t<div class=\"elementor-element elementor-element-f53c17b elementor-column elementor-col-100 elementor-top-column\" data-id=\"f53c17b\" data-element_type=\"column\">\n\t\t\t<div class=\"elementor-column-wrap\">\n\t\t\t\t\t<div class=\"elementor-widget-wrap\">\n\t\t\t\t\t\t<\/div>\n\t\t\t<\/div>\n\t\t<\/div>\n\t\t\t\t\t\t<\/div>\n\t\t\t<\/div>\n\t\t<\/section>\n\t\t\t\t<section class=\"elementor-element elementor-element-93fd4bc elementor-section-boxed elementor-section-height-default elementor-section-height-default elementor-section elementor-top-section\" data-id=\"93fd4bc\" data-element_type=\"section\">\n\t\t\t\t\t\t<div class=\"elementor-container elementor-column-gap-default\">\n\t\t\t\t<div class=\"elementor-row\">\n\t\t\t\t<div class=\"elementor-element elementor-element-31006e9 elementor-column elementor-col-100 elementor-top-column\" data-id=\"31006e9\" data-element_type=\"column\">\n\t\t\t<div class=\"elementor-column-wrap  elementor-element-populated\">\n\t\t\t\t\t<div class=\"elementor-widget-wrap\">\n\t\t\t\t<div class=\"elementor-element elementor-element-04345a6 elementor-widget elementor-widget-heading\" data-id=\"04345a6\" data-element_type=\"widget\" data-widget_type=\"heading.default\">\n\t\t\t\t<div class=\"elementor-widget-container\">\n\t\t\t<h2 class=\"elementor-heading-title elementor-size-default\">Especialidades<\/h2>\t\t<\/div>\n\t\t\t\t<\/div>\n\t\t\t\t<div class=\"elementor-element elementor-element-e22c4e5 elementor-widget elementor-widget-divider\" data-id=\"e22c4e5\" data-element_type=\"widget\" data-widget_type=\"divider.default\">\n\t\t\t\t<div class=\"elementor-widget-container\">\n\t\t\t\t\t<div class=\"elementor-divider\">\n\t\t\t<span class=\"elementor-divider-separator\">\n\t\t\t\t\t\t<\/span>\n\t\t<\/div>\n\t\t\t\t<\/div>\n\t\t\t\t<\/div>\n\t\t\t\t<section class=\"elementor-element elementor-element-7172ab0 elementor-section-boxed elementor-section-height-default elementor-section-height-default elementor-section elementor-inner-section\" data-id=\"7172ab0\" data-element_type=\"section\">\n\t\t\t\t\t\t<div class=\"elementor-container elementor-column-gap-default\">\n\t\t\t\t<div class=\"elementor-row\">\n\t\t\t\t<div class=\"elementor-element elementor-element-88a9563 elementor-column elementor-col-33 elementor-inner-column\" data-id=\"88a9563\" data-element_type=\"column\">\n\t\t\t<div class=\"elementor-column-wrap  elementor-element-populated\">\n\t\t\t\t\t<div class=\"elementor-widget-wrap\">\n\t\t\t\t<div class=\"elementor-element elementor-element-4394e72 elementor-widget elementor-widget-image\" data-id=\"4394e72\" data-element_type=\"widget\" data-widget_type=\"image.default\">\n\t\t\t\t<div class=\"elementor-widget-container\">\n\t\t\t\t\t<div class=\"elementor-image\">\n\t\t\t\t\t\t\t\t\t\t\t<a href=\"http:\/\/renovamaringa.com.br\/portal\/fisioterapia\/\" data-elementor-open-lightbox=\"\">\n\t\t\t\t\t\t\t<img decoding=\"async\" src=\"https:\/\/i0.wp.com\/renovamaringa.com.br\/portal\/wp-content\/uploads\/2019\/11\/Especializa%C3%A7%C3%A3o-em-Sa%C3%BAde-do-Idoso.png?fit=300%2C200&amp;ssl=1\" title=\"Objetivos da Fisioterapia\" alt=\"Objetivos da Fisioterapia\" \/>\t\t\t\t\t\t\t\t<\/a>\n\t\t\t\t\t\t\t\t\t\t\t<\/div>\n\t\t\t\t<\/div>\n\t\t\t\t<\/div>\n\t\t\t\t<div class=\"elementor-element elementor-element-fc6b895 elementor-widget elementor-widget-heading\" data-id=\"fc6b895\" data-element_type=\"widget\" data-widget_type=\"heading.default\">\n\t\t\t\t<div class=\"elementor-widget-container\">\n\t\t\t<h2 class=\"elementor-heading-title elementor-size-default\"><a href=\"http:\/\/renovamaringa.com.br\/portal\/fisioterapia\/\">Objetivos da Fisioterapia<\/a><\/h2>\t\t<\/div>\n\t\t\t\t<\/div>\n\t\t\t\t\t\t<\/div>\n\t\t\t<\/div>\n\t\t<\/div>\n\t\t\t\t<div class=\"elementor-element elementor-element-c538055 elementor-column elementor-col-33 elementor-inner-column\" data-id=\"c538055\" data-element_type=\"column\">\n\t\t\t<div class=\"elementor-column-wrap  elementor-element-populated\">\n\t\t\t\t\t<div class=\"elementor-widget-wrap\">\n\t\t\t\t<div class=\"elementor-element elementor-element-6de3bf7 elementor-widget elementor-widget-image\" data-id=\"6de3bf7\" data-element_type=\"widget\" data-widget_type=\"image.default\">\n\t\t\t\t<div class=\"elementor-widget-container\">\n\t\t\t\t\t<div class=\"elementor-image\">\n\t\t\t\t\t\t\t\t\t\t\t<a href=\"http:\/\/renovamaringa.com.br\/portal\/fonoterapia\/\" data-elementor-open-lightbox=\"\">\n\t\t\t\t\t\t\t<img decoding=\"async\" src=\"https:\/\/i0.wp.com\/renovamaringa.com.br\/portal\/wp-content\/uploads\/2019\/11\/Fonoterapia.jpg?fit=300%2C200&amp;ssl=1\" title=\"Fonoterapia\" alt=\"Fonoterapia\" \/>\t\t\t\t\t\t\t\t<\/a>\n\t\t\t\t\t\t\t\t\t\t\t<\/div>\n\t\t\t\t<\/div>\n\t\t\t\t<\/div>\n\t\t\t\t<div class=\"elementor-element elementor-element-8d6799a elementor-widget elementor-widget-heading\" data-id=\"8d6799a\" data-element_type=\"widget\" data-widget_type=\"heading.default\">\n\t\t\t\t<div class=\"elementor-widget-container\">\n\t\t\t<h2 class=\"elementor-heading-title elementor-size-default\"><a href=\"http:\/\/renovamaringa.com.br\/portal\/fonoterapia\/\">Fonoterapia<\/a><\/h2>\t\t<\/div>\n\t\t\t\t<\/div>\n\t\t\t\t\t\t<\/div>\n\t\t\t<\/div>\n\t\t<\/div>\n\t\t\t\t<div class=\"elementor-element elementor-element-7cdb590 elementor-column elementor-col-33 elementor-inner-column\" data-id=\"7cdb590\" data-element_type=\"column\">\n\t\t\t<div class=\"elementor-column-wrap  elementor-element-populated\">\n\t\t\t\t\t<div class=\"elementor-widget-wrap\">\n\t\t\t\t<div class=\"elementor-element elementor-element-ab4dd68 elementor-widget elementor-widget-image\" data-id=\"ab4dd68\" data-element_type=\"widget\" data-widget_type=\"image.default\">\n\t\t\t\t<div class=\"elementor-widget-container\">\n\t\t\t\t\t<div class=\"elementor-image\">\n\t\t\t\t\t\t\t\t\t\t\t<a href=\"http:\/\/renovamaringa.com.br\/portal\/nutricao-2\/\" data-elementor-open-lightbox=\"\">\n\t\t\t\t\t\t\t<img decoding=\"async\" src=\"https:\/\/i0.wp.com\/renovamaringa.com.br\/portal\/wp-content\/uploads\/2019\/11\/nutri%C3%A7%C3%A3o2.jpg?fit=300%2C200&amp;ssl=1\" title=\"nutri\u00e7\u00e3o2\" alt=\"nutri\u00e7\u00e3o2\" \/>\t\t\t\t\t\t\t\t<\/a>\n\t\t\t\t\t\t\t\t\t\t\t<\/div>\n\t\t\t\t<\/div>\n\t\t\t\t<\/div>\n\t\t\t\t<div class=\"elementor-element elementor-element-36c621d elementor-widget elementor-widget-heading\" data-id=\"36c621d\" data-element_type=\"widget\" data-widget_type=\"heading.default\">\n\t\t\t\t<div class=\"elementor-widget-container\">\n\t\t\t<h2 class=\"elementor-heading-title elementor-size-default\"><a href=\"http:\/\/renovamaringa.com.br\/portal\/nutricao-2\/\">Nutri\u00e7\u00e3o<\/a><\/h2>\t\t<\/div>\n\t\t\t\t<\/div>\n\t\t\t\t\t\t<\/div>\n\t\t\t<\/div>\n\t\t<\/div>\n\t\t\t\t\t\t<\/div>\n\t\t\t<\/div>\n\t\t<\/section>\n\t\t\t\t<div class=\"elementor-element elementor-element-355739c elementor-align-center elementor-widget elementor-widget-button\" data-id=\"355739c\" data-element_type=\"widget\" data-widget_type=\"button.default\">\n\t\t\t\t<div class=\"elementor-widget-container\">\n\t\t\t\t\t<div class=\"elementor-button-wrapper\">\n\t\t\t<a href=\"#\" class=\"elementor-button-link elementor-button elementor-size-sm\" role=\"button\">\n\t\t\t\t\t\t<span class=\"elementor-button-content-wrapper\">\n\t\t\t\t\t\t<span class=\"elementor-button-text\">Ver Todos<\/span>\n\t\t<\/span>\n\t\t\t\t\t<\/a>\n\t\t<\/div>\n\t\t\t\t<\/div>\n\t\t\t\t<\/div>\n\t\t\t\t\t\t<\/div>\n\t\t\t<\/div>\n\t\t<\/div>\n\t\t\t\t\t\t<\/div>\n\t\t\t<\/div>\n\t\t<\/section>\n\t\t\t\t<section class=\"elementor-element elementor-element-dd8caa3 elementor-section-boxed elementor-section-height-default elementor-section-height-default elementor-section elementor-top-section\" data-id=\"dd8caa3\" data-element_type=\"section\">\n\t\t\t\t\t\t<div class=\"elementor-container elementor-column-gap-default\">\n\t\t\t\t<div class=\"elementor-row\">\n\t\t\t\t<div class=\"elementor-element elementor-element-462f3d5 elementor-column elementor-col-100 elementor-top-column\" data-id=\"462f3d5\" data-element_type=\"column\">\n\t\t\t<div class=\"elementor-column-wrap  elementor-element-populated\">\n\t\t\t\t\t<div class=\"elementor-widget-wrap\">\n\t\t\t\t<div class=\"elementor-element elementor-element-76a615d elementor-widget elementor-widget-heading\" data-id=\"76a615d\" data-element_type=\"widget\" data-widget_type=\"heading.default\">\n\t\t\t\t<div class=\"elementor-widget-container\">\n\t\t\t<h2 class=\"elementor-heading-title elementor-size-default\">Blog<\/h2>\t\t<\/div>\n\t\t\t\t<\/div>\n\t\t\t\t<div class=\"elementor-element elementor-element-663398a elementor-widget elementor-widget-divider\" data-id=\"663398a\" data-element_type=\"widget\" data-widget_type=\"divider.default\">\n\t\t\t\t<div class=\"elementor-widget-container\">\n\t\t\t\t\t<div class=\"elementor-divider\">\n\t\t\t<span class=\"elementor-divider-separator\">\n\t\t\t\t\t\t<\/span>\n\t\t<\/div>\n\t\t\t\t<\/div>\n\t\t\t\t<\/div>\n\t\t\t\t<div class=\"elementor-element elementor-element-2f37d9b elementor-grid-3 elementor-grid-tablet-2 elementor-grid-mobile-1 elementor-widget elementor-widget-portfolio\" data-id=\"2f37d9b\" data-element_type=\"widget\" data-settings=\"{&quot;columns&quot;:&quot;3&quot;,&quot;columns_tablet&quot;:&quot;2&quot;,&quot;columns_mobile&quot;:&quot;1&quot;,&quot;item_ratio&quot;:{&quot;unit&quot;:&quot;px&quot;,&quot;size&quot;:0.66000000000000003108624468950438313186168670654296875,&quot;sizes&quot;:[]},&quot;item_gap&quot;:{&quot;unit&quot;:&quot;px&quot;,&quot;size&quot;:&quot;&quot;,&quot;sizes&quot;:[]},&quot;row_gap&quot;:{&quot;unit&quot;:&quot;px&quot;,&quot;size&quot;:&quot;&quot;,&quot;sizes&quot;:[]}}\" data-widget_type=\"portfolio.default\">\n\t\t\t\t<div class=\"elementor-widget-container\">\n\t\t\t\t\t<div class=\"elementor-portfolio elementor-grid elementor-posts-container\">\n\t\t\t\t<article class=\"elementor-portfolio-item elementor-post  post-563 post type-post status-publish format-standard has-post-thumbnail hentry category-dicas\">\n\t\t\t<a class=\"elementor-post__thumbnail__link\" href=\"https:\/\/renovamaringa.com.br\/portal\/inauguracao-das-novas-instalacoes\/\">\n\t\t\t\t<div class=\"elementor-portfolio-item__img elementor-post__thumbnail\">\n\t\t\t<img loading=\"lazy\" decoding=\"async\" width=\"300\" height=\"143\" src=\"https:\/\/i0.wp.com\/renovamaringa.com.br\/portal\/wp-content\/uploads\/2019\/11\/Inaugura%C3%A7%C3%A3o-da-Nova-Sede-da-Renova-Maring%C3%A1-na-Rua-Santos-Dumont.jpg?fit=300%2C143&amp;ssl=1\" class=\"attachment-medium size-medium\" alt=\"\" data-attachment-id=\"565\" data-permalink=\"https:\/\/renovamaringa.com.br\/portal\/inauguracao-das-novas-instalacoes\/inauguracao-da-nova-sede-da-renova-maringa-na-rua-santos-dumont\/\" data-orig-file=\"https:\/\/i0.wp.com\/renovamaringa.com.br\/portal\/wp-content\/uploads\/2019\/11\/Inaugura%C3%A7%C3%A3o-da-Nova-Sede-da-Renova-Maring%C3%A1-na-Rua-Santos-Dumont.jpg?fit=563%2C269&amp;ssl=1\" data-orig-size=\"563,269\" data-comments-opened=\"1\" data-image-meta=\"{&quot;aperture&quot;:&quot;0&quot;,&quot;credit&quot;:&quot;&quot;,&quot;camera&quot;:&quot;&quot;,&quot;caption&quot;:&quot;&quot;,&quot;created_timestamp&quot;:&quot;0&quot;,&quot;copyright&quot;:&quot;&quot;,&quot;focal_length&quot;:&quot;0&quot;,&quot;iso&quot;:&quot;0&quot;,&quot;shutter_speed&quot;:&quot;0&quot;,&quot;title&quot;:&quot;&quot;,&quot;orientation&quot;:&quot;0&quot;}\" data-image-title=\"Inaugura\u00e7\u00e3o-da-Nova-Sede-da-Renova-Maring\u00e1-na-Rua-Santos-Dumont\" data-image-description=\"\" data-image-caption=\"\" data-medium-file=\"https:\/\/i0.wp.com\/renovamaringa.com.br\/portal\/wp-content\/uploads\/2019\/11\/Inaugura%C3%A7%C3%A3o-da-Nova-Sede-da-Renova-Maring%C3%A1-na-Rua-Santos-Dumont.jpg?fit=300%2C143&amp;ssl=1\" data-large-file=\"https:\/\/i0.wp.com\/renovamaringa.com.br\/portal\/wp-content\/uploads\/2019\/11\/Inaugura%C3%A7%C3%A3o-da-Nova-Sede-da-Renova-Maring%C3%A1-na-Rua-Santos-Dumont.jpg?fit=269%2C269&amp;ssl=1\" \/>\t\t<\/div>\n\t\t\t\t<div class=\"elementor-portfolio-item__overlay\">\n\t\t\t\t<h3 class=\"elementor-portfolio-item__title\">\n\t\tInaugura\u00e7\u00e3o das Novas Instala\u00e7\u00f5es\t\t<\/h3>\n\t\t\t\t<\/div>\n\t\t\t\t<\/a>\n\t\t<\/article>\n\t\t\t\t<article class=\"elementor-portfolio-item elementor-post  post-535 post type-post status-publish format-standard has-post-thumbnail hentry category-dicas\">\n\t\t\t<a class=\"elementor-post__thumbnail__link\" href=\"https:\/\/renovamaringa.com.br\/portal\/quem-tem-hernia-de-disco-pode-fazer-musculacao\/\">\n\t\t\t\t<div class=\"elementor-portfolio-item__img elementor-post__thumbnail\">\n\t\t\t<img loading=\"lazy\" decoding=\"async\" width=\"300\" height=\"212\" src=\"https:\/\/i0.wp.com\/renovamaringa.com.br\/portal\/wp-content\/uploads\/2018\/11\/academia-terceira-idade-maring%C3%A1.jpg?fit=300%2C212&amp;ssl=1\" class=\"attachment-medium size-medium\" alt=\"\" data-attachment-id=\"536\" data-permalink=\"https:\/\/renovamaringa.com.br\/portal\/quem-tem-hernia-de-disco-pode-fazer-musculacao\/academia-terceira-idade-maringa\/\" data-orig-file=\"https:\/\/i0.wp.com\/renovamaringa.com.br\/portal\/wp-content\/uploads\/2018\/11\/academia-terceira-idade-maring%C3%A1.jpg?fit=900%2C636&amp;ssl=1\" data-orig-size=\"900,636\" data-comments-opened=\"1\" data-image-meta=\"{&quot;aperture&quot;:&quot;0&quot;,&quot;credit&quot;:&quot;&quot;,&quot;camera&quot;:&quot;&quot;,&quot;caption&quot;:&quot;&quot;,&quot;created_timestamp&quot;:&quot;0&quot;,&quot;copyright&quot;:&quot;&quot;,&quot;focal_length&quot;:&quot;0&quot;,&quot;iso&quot;:&quot;0&quot;,&quot;shutter_speed&quot;:&quot;0&quot;,&quot;title&quot;:&quot;&quot;,&quot;orientation&quot;:&quot;1&quot;}\" data-image-title=\"academia terceira idade maring\u00e1\" data-image-description=\"\" data-image-caption=\"\" data-medium-file=\"https:\/\/i0.wp.com\/renovamaringa.com.br\/portal\/wp-content\/uploads\/2018\/11\/academia-terceira-idade-maring%C3%A1.jpg?fit=300%2C212&amp;ssl=1\" data-large-file=\"https:\/\/i0.wp.com\/renovamaringa.com.br\/portal\/wp-content\/uploads\/2018\/11\/academia-terceira-idade-maring%C3%A1.jpg?fit=604%2C604&amp;ssl=1\" \/>\t\t<\/div>\n\t\t\t\t<div class=\"elementor-portfolio-item__overlay\">\n\t\t\t\t<h3 class=\"elementor-portfolio-item__title\">\n\t\tQuem tem hernia de disco pode fazer muscula\u00e7\u00e3o?\t\t<\/h3>\n\t\t\t\t<\/div>\n\t\t\t\t<\/a>\n\t\t<\/article>\n\t\t\t\t<article class=\"elementor-portfolio-item elementor-post  post-528 post type-post status-publish format-standard has-post-thumbnail hentry category-saude\">\n\t\t\t<a class=\"elementor-post__thumbnail__link\" href=\"https:\/\/renovamaringa.com.br\/portal\/entrei-na-terceira-idade-posso-fazer-musculacao\/\">\n\t\t\t\t<div class=\"elementor-portfolio-item__img elementor-post__thumbnail\">\n\t\t\t<img loading=\"lazy\" decoding=\"async\" width=\"300\" height=\"212\" src=\"https:\/\/i0.wp.com\/renovamaringa.com.br\/portal\/wp-content\/uploads\/2018\/10\/Terceira-Idade.jpg?fit=300%2C212&amp;ssl=1\" class=\"attachment-medium size-medium\" alt=\"\" srcset=\"https:\/\/i0.wp.com\/renovamaringa.com.br\/portal\/wp-content\/uploads\/2018\/10\/Terceira-Idade.jpg?w=900&amp;ssl=1 900w, https:\/\/i0.wp.com\/renovamaringa.com.br\/portal\/wp-content\/uploads\/2018\/10\/Terceira-Idade.jpg?resize=300%2C212&amp;ssl=1 300w, https:\/\/i0.wp.com\/renovamaringa.com.br\/portal\/wp-content\/uploads\/2018\/10\/Terceira-Idade.jpg?resize=768%2C543&amp;ssl=1 768w\" sizes=\"auto, (max-width: 300px) 100vw, 300px\" data-attachment-id=\"529\" data-permalink=\"https:\/\/renovamaringa.com.br\/portal\/entrei-na-terceira-idade-posso-fazer-musculacao\/terceira-idade\/\" data-orig-file=\"https:\/\/i0.wp.com\/renovamaringa.com.br\/portal\/wp-content\/uploads\/2018\/10\/Terceira-Idade.jpg?fit=900%2C636&amp;ssl=1\" data-orig-size=\"900,636\" data-comments-opened=\"1\" data-image-meta=\"{&quot;aperture&quot;:&quot;0&quot;,&quot;credit&quot;:&quot;&quot;,&quot;camera&quot;:&quot;&quot;,&quot;caption&quot;:&quot;&quot;,&quot;created_timestamp&quot;:&quot;0&quot;,&quot;copyright&quot;:&quot;&quot;,&quot;focal_length&quot;:&quot;0&quot;,&quot;iso&quot;:&quot;0&quot;,&quot;shutter_speed&quot;:&quot;0&quot;,&quot;title&quot;:&quot;&quot;,&quot;orientation&quot;:&quot;1&quot;}\" data-image-title=\"Terceira Idade\" data-image-description=\"\" data-image-caption=\"\" data-medium-file=\"https:\/\/i0.wp.com\/renovamaringa.com.br\/portal\/wp-content\/uploads\/2018\/10\/Terceira-Idade.jpg?fit=300%2C212&amp;ssl=1\" data-large-file=\"https:\/\/i0.wp.com\/renovamaringa.com.br\/portal\/wp-content\/uploads\/2018\/10\/Terceira-Idade.jpg?fit=604%2C604&amp;ssl=1\" \/>\t\t<\/div>\n\t\t\t\t<div class=\"elementor-portfolio-item__overlay\">\n\t\t\t\t<h3 class=\"elementor-portfolio-item__title\">\n\t\tEntrei na terceira idade, posso fazer muscula\u00e7\u00e3o?\t\t<\/h3>\n\t\t\t\t<\/div>\n\t\t\t\t<\/a>\n\t\t<\/article>\n\t\t\t\t<\/div>\n\t\t\t\t<\/div>\n\t\t\t\t<\/div>\n\t\t\t\t\t\t<\/div>\n\t\t\t<\/div>\n\t\t<\/div>\n\t\t\t\t\t\t<\/div>\n\t\t\t<\/div>\n\t\t<\/section>\n\t\t\t\t<section class=\"elementor-element elementor-element-2c79bf8 elementor-section-boxed elementor-section-height-default elementor-section-height-default elementor-section elementor-top-section\" data-id=\"2c79bf8\" data-element_type=\"section\">\n\t\t\t\t\t\t<div class=\"elementor-container elementor-column-gap-default\">\n\t\t\t\t<div class=\"elementor-row\">\n\t\t\t\t<div class=\"elementor-element elementor-element-fcea418 elementor-column elementor-col-100 elementor-top-column\" data-id=\"fcea418\" data-element_type=\"column\">\n\t\t\t<div class=\"elementor-column-wrap  elementor-element-populated\">\n\t\t\t\t\t<div class=\"elementor-widget-wrap\">\n\t\t\t\t<div class=\"elementor-element elementor-element-cb43143 elementor-widget elementor-widget-html\" data-id=\"cb43143\" data-element_type=\"widget\" data-widget_type=\"html.default\">\n\t\t\t\t<div class=\"elementor-widget-container\">\n\t\t\t<h1 style=\"text-align:center; color: #ea7e35\"> <a href=\"http:\/\/renovamaringa.com.br\/portal\/reabilitacao-e-musculacao-para-idosos\/\" target=\"_blank\">Muscula\u00e7\u00e3o<\/a> Terap\u00eautica - Maring\u00e1 - PR<\/h1>\n\t\t<\/div>\n\t\t\t\t<\/div>\n\t\t\t\t\t\t<\/div>\n\t\t\t<\/div>\n\t\t<\/div>\n\t\t\t\t\t\t<\/div>\n\t\t\t<\/div>\n\t\t<\/section>\n\t\t\t\t\t\t<\/div>\n\t\t\t<\/div>\n\t\t<\/div>\n\t\t","protected":false},"excerpt":{"rendered":"<p>Especialidades Objetivos da Fisioterapia Fonoterapia Ver Todos Blog Muscula\u00e7\u00e3o Terap\u00eautica &#8211; Maring\u00e1 &#8211; PR<\/p>\n","protected":false},"author":1,"featured_media":0,"parent":0,"menu_order":0,"comment_status":"closed","ping_status":"closed","template":"elementor_header_footer","meta":{"jetpack_post_was_ever_published":false,"footnotes":""},"class_list":["post-256","page","type-page","status-publish","hentry"],"jetpack_sharing_enabled":true,"jetpack_shortlink":"https:\/\/wp.me\/P8NC8B-48","jetpack-related-posts":[],"jetpack_likes_enabled":true,"_links":{"self":[{"href":"https:\/\/renovamaringa.com.br\/portal\/wp-json\/wp\/v2\/pages\/256","targetHints":{"allow":["GET"]}}],"collection":[{"href":"https:\/\/renovamaringa.com.br\/portal\/wp-json\/wp\/v2\/pages"}],"about":[{"href":"https:\/\/renovamaringa.com.br\/portal\/wp-json\/wp\/v2\/types\/page"}],"author":[{"embeddable":true,"href":"https:\/\/renovamaringa.com.br\/portal\/wp-json\/wp\/v2\/users\/1"}],"replies":[{"embeddable":true,"href":"https:\/\/renovamaringa.com.br\/portal\/wp-json\/wp\/v2\/comments?post=256"}],"version-history":[{"count":24,"href":"https:\/\/renovamaringa.com.br\/portal\/wp-json\/wp\/v2\/pages\/256\/revisions"}],"predecessor-version":[{"id":615,"href":"https:\/\/renovamaringa.com.br\/portal\/wp-json\/wp\/v2\/pages\/256\/revisions\/615"}],"wp:attachment":[{"href":"https:\/\/renovamaringa.com.br\/portal\/wp-json\/wp\/v2\/media?parent=256"}],"curies":[{"name":"wp","href":"https:\/\/api.w.org\/{rel}","templated":true}]}}