{"id":607,"date":"2025-06-17T08:46:16","date_gmt":"2025-06-17T11:46:16","guid":{"rendered":"https:\/\/renovamaringa.com.br\/portal\/?page_id=607"},"modified":"2025-06-17T08:46:41","modified_gmt":"2025-06-17T11:46:41","slug":"sobre-a-renova","status":"publish","type":"page","link":"https:\/\/renovamaringa.com.br\/portal\/sobre-a-renova\/","title":{"rendered":"Sobre a Renova"},"content":{"rendered":"\n<p>Somos uma cl\u00ednica especializada em muscula\u00e7\u00e3o terap\u00eautica para terceira idade e fisioterapia.<\/p>\n\n\n\n<p>\u2728Nosso foco \u00e9 proporcionar um tratamento personalizado e eficaz, visando melhorar a funcionalidade e qualidade de vida desses indiv\u00edduos.<\/p>\n\n\n\n<p>\u2728Com nossa equipe qualificada e dedicada, buscamos oferecer os melhores cuidados e atender cada paciente de forma individualizada.<\/p>\n\n\n\n<p>Agende j\u00e1 sua avalia\u00e7\u00e3o!!!<\/p>\n\n\n\n<p>\u260e\ufe0f 44 3028-4344<\/p>\n","protected":false},"excerpt":{"rendered":"<p>Somos uma cl\u00ednica especializada em muscula\u00e7\u00e3o terap\u00eautica para terceira idade e fisioterapia. \u2728Nosso foco \u00e9 proporcionar um tratamento personalizado e eficaz, visando melhorar a funcionalidade e qualidade de vida desses indiv\u00edduos. \u2728Com<a class=\"moretag\" href=\"https:\/\/renovamaringa.com.br\/portal\/sobre-a-renova\/\">Read More&#8230;<\/a><\/p>\n","protected":false},"author":1,"featured_media":0,"parent":0,"menu_order":2,"comment_status":"closed","ping_status":"closed","template":"","meta":{"jetpack_post_was_ever_published":false,"footnotes":""},"class_list":["post-607","page","type-page","status-publish","hentry"],"jetpack_sharing_enabled":true,"jetpack_shortlink":"https:\/\/wp.me\/P8NC8B-9N","jetpack-related-posts":[],"jetpack_likes_enabled":true,"_links":{"self":[{"href":"https:\/\/renovamaringa.com.br\/portal\/wp-json\/wp\/v2\/pages\/607","targetHints":{"allow":["GET"]}}],"collection":[{"href":"https:\/\/renovamaringa.com.br\/portal\/wp-json\/wp\/v2\/pages"}],"about":[{"href":"https:\/\/renovamaringa.com.br\/portal\/wp-json\/wp\/v2\/types\/page"}],"author":[{"embeddable":true,"href":"https:\/\/renovamaringa.com.br\/portal\/wp-json\/wp\/v2\/users\/1"}],"replies":[{"embeddable":true,"href":"https:\/\/renovamaringa.com.br\/portal\/wp-json\/wp\/v2\/comments?post=607"}],"version-history":[{"count":1,"href":"https:\/\/renovamaringa.com.br\/portal\/wp-json\/wp\/v2\/pages\/607\/revisions"}],"predecessor-version":[{"id":608,"href":"https:\/\/renovamaringa.com.br\/portal\/wp-json\/wp\/v2\/pages\/607\/revisions\/608"}],"wp:attachment":[{"href":"https:\/\/renovamaringa.com.br\/portal\/wp-json\/wp\/v2\/media?parent=607"}],"curies":[{"name":"wp","href":"https:\/\/api.w.org\/{rel}","templated":true}]}}